{"id":84,"date":"2023-08-29T16:49:42","date_gmt":"2023-08-29T14:49:42","guid":{"rendered":"http:\/\/bocsfil.cluster029.hosting.ovh.net\/?page_id=84"},"modified":"2025-06-10T18:23:10","modified_gmt":"2025-06-10T16:23:10","slug":"calendrier","status":"publish","type":"page","link":"https:\/\/bocsfighting.com\/index.php\/calendrier\/","title":{"rendered":"Documents"},"content":{"rendered":"\n<p><strong>Fiche d&#8217;inscription Baby kick 4 \u00e0 6 ans et enfant de 7 \u00e0 14 ans<\/strong><\/p>\n\n\n\n<div data-wp-interactive=\"core\/file\" class=\"wp-block-file\"><object data-wp-bind--hidden=\"!state.hasPdfPreview\" hidden class=\"wp-block-file__embed\" data=\"https:\/\/bocsfighting.com\/wp-content\/uploads\/2025\/06\/fiche-inscription-2025-2026-ENFANT.pdf\" type=\"application\/pdf\" style=\"width:100%;height:220px\" aria-label=\"Contenu embarqu\u00e9 fiche inscription 2025-2026 ENFANT.\"><\/object><a id=\"wp-block-file--media-576dfb48-4d69-40cb-af7b-d68c60e75ae6\" href=\"https:\/\/bocsfighting.com\/wp-content\/uploads\/2025\/06\/fiche-inscription-2025-2026-ENFANT.pdf\">fiche inscription 2025-2026 ENFANT<\/a><a href=\"https:\/\/bocsfighting.com\/wp-content\/uploads\/2025\/06\/fiche-inscription-2025-2026-ENFANT.pdf\" class=\"wp-block-file__button wp-element-button\" download aria-describedby=\"wp-block-file--media-576dfb48-4d69-40cb-af7b-d68c60e75ae6\">T\u00e9l\u00e9charger<\/a><\/div>\n\n\n\n<p><strong>Fiche d&#8217;inscription \u00e0 partir de 15 ans et plus<\/strong><\/p>\n\n\n\n<div data-wp-interactive=\"core\/file\" class=\"wp-block-file\"><object data-wp-bind--hidden=\"!state.hasPdfPreview\" hidden class=\"wp-block-file__embed\" data=\"https:\/\/bocsfighting.com\/wp-content\/uploads\/2025\/06\/fiche-inscription-2025-2026-Plus-de-15-ans.pdf\" type=\"application\/pdf\" style=\"width:100%;height:220px\" aria-label=\"Contenu embarqu\u00e9 fiche inscription 2025-2026 Plus de 15 ans.\"><\/object><a id=\"wp-block-file--media-279b0678-7587-4261-8b9d-bfc7e130e8a3\" href=\"https:\/\/bocsfighting.com\/wp-content\/uploads\/2025\/06\/fiche-inscription-2025-2026-Plus-de-15-ans.pdf\">fiche inscription 2025-2026 Plus de 15 ans<\/a><a href=\"https:\/\/bocsfighting.com\/wp-content\/uploads\/2025\/06\/fiche-inscription-2025-2026-Plus-de-15-ans.pdf\" class=\"wp-block-file__button wp-element-button\" download aria-describedby=\"wp-block-file--media-279b0678-7587-4261-8b9d-bfc7e130e8a3\">T\u00e9l\u00e9charger<\/a><\/div>\n\n\n\n<p><\/p>\n","protected":false},"excerpt":{"rendered":"<p>Fiche d&#8217;inscription Baby kick 4 \u00e0 6 ans et enfant de 7 \u00e0 14 ans Fiche d&#8217;inscription \u00e0 partir de 15 ans et plus<\/p>\n","protected":false},"author":1,"featured_media":0,"parent":0,"menu_order":0,"comment_status":"closed","ping_status":"closed","template":"","meta":{"_monsterinsights_skip_tracking":false,"_monsterinsights_sitenote_active":false,"_monsterinsights_sitenote_note":"","_monsterinsights_sitenote_category":0,"_price":"","_stock":"","_tribe_ticket_header":"","_tribe_default_ticket_provider":"","_tribe_ticket_capacity":"0","_ticket_start_date":"","_ticket_end_date":"","_tribe_ticket_show_description":"","_tribe_ticket_show_not_going":false,"_tribe_ticket_use_global_stock":"","_tribe_ticket_global_stock_level":"","_global_stock_mode":"","_global_stock_cap":"","_tribe_rsvp_for_event":"","_tribe_ticket_going_count":"","_tribe_ticket_not_going_count":"","_tribe_tickets_list":"[]","_tribe_ticket_has_attendee_info_fields":false,"footnotes":"","_tec_slr_enabled":"","_tec_slr_layout":""},"class_list":["post-84","page","type-page","status-publish","hentry"],"yoast_head":"<!-- This site is optimized with the Yoast SEO plugin v27.4 - https:\/\/yoast.com\/product\/yoast-seo-wordpress\/ -->\n<title>Documents - BOC&#039;S FIGHTING<\/title>\n<meta name=\"robots\" content=\"index, follow, max-snippet:-1, max-image-preview:large, max-video-preview:-1\" \/>\n<link rel=\"canonical\" href=\"https:\/\/bocsfighting.com\/index.php\/calendrier\/\" \/>\n<meta property=\"og:locale\" content=\"fr_FR\" \/>\n<meta property=\"og:type\" content=\"article\" \/>\n<meta property=\"og:title\" content=\"Documents - BOC&#039;S FIGHTING\" \/>\n<meta property=\"og:description\" content=\"Fiche d&#8217;inscription Baby kick 4 \u00e0 6 ans et enfant de 7 \u00e0 14 ans Fiche d&#8217;inscription \u00e0 partir de 15 ans et plus\" \/>\n<meta property=\"og:url\" content=\"https:\/\/bocsfighting.com\/index.php\/calendrier\/\" \/>\n<meta property=\"og:site_name\" content=\"BOC&#039;S FIGHTING\" \/>\n<meta property=\"article:publisher\" content=\"https:\/\/www.facebook.com\/p\/Boc-Fighting-Officiel-100064332836164\/?locale=fr_FR\" \/>\n<meta property=\"article:modified_time\" content=\"2025-06-10T16:23:10+00:00\" \/>\n<meta property=\"og:image\" content=\"https:\/\/bocsfighting.com\/wp-content\/uploads\/2023\/08\/logo-bfg.png\" \/>\n\t<meta property=\"og:image:width\" content=\"637\" \/>\n\t<meta property=\"og:image:height\" content=\"417\" \/>\n\t<meta property=\"og:image:type\" content=\"image\/png\" \/>\n<meta name=\"twitter:card\" content=\"summary_large_image\" \/>\n<meta name=\"twitter:label1\" content=\"Dur\u00e9e de lecture estim\u00e9e\" \/>\n\t<meta name=\"twitter:data1\" content=\"1 minute\" \/>\n<script type=\"application\/ld+json\" class=\"yoast-schema-graph\">{\"@context\":\"https:\\\/\\\/schema.org\",\"@graph\":[{\"@type\":\"WebPage\",\"@id\":\"https:\\\/\\\/bocsfighting.com\\\/index.php\\\/calendrier\\\/\",\"url\":\"https:\\\/\\\/bocsfighting.com\\\/index.php\\\/calendrier\\\/\",\"name\":\"Documents - BOC&#039;S FIGHTING\",\"isPartOf\":{\"@id\":\"https:\\\/\\\/bocsfighting.com\\\/#website\"},\"datePublished\":\"2023-08-29T14:49:42+00:00\",\"dateModified\":\"2025-06-10T16:23:10+00:00\",\"breadcrumb\":{\"@id\":\"https:\\\/\\\/bocsfighting.com\\\/index.php\\\/calendrier\\\/#breadcrumb\"},\"inLanguage\":\"fr-FR\",\"potentialAction\":[{\"@type\":\"ReadAction\",\"target\":[\"https:\\\/\\\/bocsfighting.com\\\/index.php\\\/calendrier\\\/\"]}]},{\"@type\":\"BreadcrumbList\",\"@id\":\"https:\\\/\\\/bocsfighting.com\\\/index.php\\\/calendrier\\\/#breadcrumb\",\"itemListElement\":[{\"@type\":\"ListItem\",\"position\":1,\"name\":\"Accueil\",\"item\":\"https:\\\/\\\/bocsfighting.com\\\/\"},{\"@type\":\"ListItem\",\"position\":2,\"name\":\"Documents\"}]},{\"@type\":\"WebSite\",\"@id\":\"https:\\\/\\\/bocsfighting.com\\\/#website\",\"url\":\"https:\\\/\\\/bocsfighting.com\\\/\",\"name\":\"BOC'S FIGHTING\",\"description\":\"Club de MMA \\\/ K1 KICKBOXING \\\/ JUJITSU BRESILIEN\",\"potentialAction\":[{\"@type\":\"SearchAction\",\"target\":{\"@type\":\"EntryPoint\",\"urlTemplate\":\"https:\\\/\\\/bocsfighting.com\\\/?s={search_term_string}\"},\"query-input\":{\"@type\":\"PropertyValueSpecification\",\"valueRequired\":true,\"valueName\":\"search_term_string\"}}],\"inLanguage\":\"fr-FR\"}]}<\/script>\n<!-- \/ Yoast SEO plugin. -->","yoast_head_json":{"title":"Documents - BOC&#039;S FIGHTING","robots":{"index":"index","follow":"follow","max-snippet":"max-snippet:-1","max-image-preview":"max-image-preview:large","max-video-preview":"max-video-preview:-1"},"canonical":"https:\/\/bocsfighting.com\/index.php\/calendrier\/","og_locale":"fr_FR","og_type":"article","og_title":"Documents - BOC&#039;S FIGHTING","og_description":"Fiche d&#8217;inscription Baby kick 4 \u00e0 6 ans et enfant de 7 \u00e0 14 ans Fiche d&#8217;inscription \u00e0 partir de 15 ans et plus","og_url":"https:\/\/bocsfighting.com\/index.php\/calendrier\/","og_site_name":"BOC&#039;S FIGHTING","article_publisher":"https:\/\/www.facebook.com\/p\/Boc-Fighting-Officiel-100064332836164\/?locale=fr_FR","article_modified_time":"2025-06-10T16:23:10+00:00","og_image":[{"width":637,"height":417,"url":"https:\/\/bocsfighting.com\/wp-content\/uploads\/2023\/08\/logo-bfg.png","type":"image\/png"}],"twitter_card":"summary_large_image","twitter_misc":{"Dur\u00e9e de lecture estim\u00e9e":"1 minute"},"schema":{"@context":"https:\/\/schema.org","@graph":[{"@type":"WebPage","@id":"https:\/\/bocsfighting.com\/index.php\/calendrier\/","url":"https:\/\/bocsfighting.com\/index.php\/calendrier\/","name":"Documents - BOC&#039;S FIGHTING","isPartOf":{"@id":"https:\/\/bocsfighting.com\/#website"},"datePublished":"2023-08-29T14:49:42+00:00","dateModified":"2025-06-10T16:23:10+00:00","breadcrumb":{"@id":"https:\/\/bocsfighting.com\/index.php\/calendrier\/#breadcrumb"},"inLanguage":"fr-FR","potentialAction":[{"@type":"ReadAction","target":["https:\/\/bocsfighting.com\/index.php\/calendrier\/"]}]},{"@type":"BreadcrumbList","@id":"https:\/\/bocsfighting.com\/index.php\/calendrier\/#breadcrumb","itemListElement":[{"@type":"ListItem","position":1,"name":"Accueil","item":"https:\/\/bocsfighting.com\/"},{"@type":"ListItem","position":2,"name":"Documents"}]},{"@type":"WebSite","@id":"https:\/\/bocsfighting.com\/#website","url":"https:\/\/bocsfighting.com\/","name":"BOC'S FIGHTING","description":"Club de MMA \/ K1 KICKBOXING \/ JUJITSU BRESILIEN","potentialAction":[{"@type":"SearchAction","target":{"@type":"EntryPoint","urlTemplate":"https:\/\/bocsfighting.com\/?s={search_term_string}"},"query-input":{"@type":"PropertyValueSpecification","valueRequired":true,"valueName":"search_term_string"}}],"inLanguage":"fr-FR"}]}},"ticketed":false,"_links":{"self":[{"href":"https:\/\/bocsfighting.com\/index.php\/wp-json\/wp\/v2\/pages\/84","targetHints":{"allow":["GET"]}}],"collection":[{"href":"https:\/\/bocsfighting.com\/index.php\/wp-json\/wp\/v2\/pages"}],"about":[{"href":"https:\/\/bocsfighting.com\/index.php\/wp-json\/wp\/v2\/types\/page"}],"author":[{"embeddable":true,"href":"https:\/\/bocsfighting.com\/index.php\/wp-json\/wp\/v2\/users\/1"}],"replies":[{"embeddable":true,"href":"https:\/\/bocsfighting.com\/index.php\/wp-json\/wp\/v2\/comments?post=84"}],"version-history":[{"count":7,"href":"https:\/\/bocsfighting.com\/index.php\/wp-json\/wp\/v2\/pages\/84\/revisions"}],"predecessor-version":[{"id":1214,"href":"https:\/\/bocsfighting.com\/index.php\/wp-json\/wp\/v2\/pages\/84\/revisions\/1214"}],"wp:attachment":[{"href":"https:\/\/bocsfighting.com\/index.php\/wp-json\/wp\/v2\/media?parent=84"}],"curies":[{"name":"wp","href":"https:\/\/api.w.org\/{rel}","templated":true}]}}