{"id":80,"date":"2023-08-29T16:49:42","date_gmt":"2023-08-29T14:49:42","guid":{"rendered":"http:\/\/bocsfil.cluster029.hosting.ovh.net\/?page_id=80"},"modified":"2024-09-01T20:31:15","modified_gmt":"2024-09-01T18:31:15","slug":"fighters","status":"publish","type":"page","link":"https:\/\/bocsfighting.com\/index.php\/fighters\/","title":{"rendered":"Nos cours"},"content":{"rendered":"\t\t<div data-elementor-type=\"wp-page\" data-elementor-id=\"80\" class=\"elementor elementor-80\">\n\t\t\t\t\t\t<section class=\"elementor-section elementor-top-section elementor-element elementor-element-555096df elementor-section-boxed elementor-section-height-default elementor-section-height-default\" data-id=\"555096df\" data-element_type=\"section\" data-e-type=\"section\">\n\t\t\t\t\t\t<div class=\"elementor-container elementor-column-gap-default\">\n\t\t\t\t\t<div class=\"elementor-column elementor-col-100 elementor-top-column elementor-element elementor-element-18408771\" data-id=\"18408771\" data-element_type=\"column\" data-e-type=\"column\">\n\t\t\t<div class=\"elementor-widget-wrap elementor-element-populated\">\n\t\t\t\t\t\t<div class=\"elementor-element elementor-element-3861a51 elementor-widget__width-initial elementor-widget elementor-widget-text-editor\" data-id=\"3861a51\" data-element_type=\"widget\" data-e-type=\"widget\" data-widget_type=\"text-editor.default\">\n\t\t\t\t<div class=\"elementor-widget-container\">\n\t\t\t\t\t\t\t\t\t<h1><\/h1>\n<p>\u00a0<\/p>\n<p>B<b>oc\u2019s Fighting<\/b> propose \u00e0 ses adh\u00e9rents <b>quatre disciplines principales<\/b> : le <b>kick-boxing version\u00a0\u00a0 K1<\/b>, le <b>grappling<\/b>, le <b>MMA<\/b> et le <strong>cardio fighting<\/strong>. Le kick-boxing K1 est un sport de combat qui\u00a0\u00a0\u00a0 combine une multitude de techniques pieds-poings, offrant une grande vari\u00e9t\u00e9 de combinaisons techniques. Cette discipline se\u00a0\u00a0 divise en plusieurs sections distinctes pour r\u00e9pondre aux besoins de diff\u00e9rents groupes d&#8217;\u00e2ge et niveaux de comp\u00e9tence :<\/p>\n<p>\u00a0<\/p>\n<p><\/p>\n<p>&#8211; La <b>section Ados adultes K1 Kickboxing\u00a0<\/b>est un cours ax\u00e9 sur \u00a0 la technique et l&#8217;endurance physique. Cette section accueille les adolescents \u00e0 partir de 15 ans ainsi que les adultes, leur permettant de d\u00e9velopper leurs comp\u00e9tences en kick-boxing\u00a0 dans un environnement structur\u00e9 et stimulant.<\/p>\n<p>\u00a0<\/p>\n<p><\/p>\n<p>&#8211; <b>La section enfant<\/b><span style=\"font-weight: bold; font-family: var(--font-main), sans-serif; color: var( --e-global-color-text ); background-color: var(--white);\">\u00a0<\/span><span style=\"font-weight: bold; font-family: var(--font-main), sans-serif; color: var( --e-global-color-text ); background-color: var(--white);\">K1 Kickboxing\u00a0<\/span><span style=\"font-family: var(--font-main), sans-serif; color: var( --e-global-color-text ); font-weight: var( --e-global-typography-text-font-weight ); background-color: var(--white);\">propose des cours plus ludiques, con\u00e7us pour permettre aux enfants\u00a0 \u00a0d&#8217;apprendre le kick-boxing tout en s&#8217;amusant. Ces sessions sont adapt\u00e9es pour capter l&#8217;attention des plus jeunes et les initier aux bases de ce sport de mani\u00e8re agr\u00e9able et engageante.<\/span><\/p>\n<p>\u00a0<\/p>\n<p><\/p>\n<p>&#8211; <b>Le baby-kick <\/b>est une nouvelle section d\u00e9di\u00e9e \u00a0 aux enfants de 4 \u00e0 6 ans, une tranche d\u2019\u00e2ge o\u00f9 peu d\u2019activit\u00e9s sportives sont g\u00e9n\u00e9ralement propos\u00e9es. Cette section permet \u00e0 ce jeune public de b\u00e9n\u00e9ficier d\u2019une activit\u00e9 ludique centr\u00e9e autour du kick-boxing, favorisant ainsi leur d\u00e9veloppement physique et leur coordination d\u00e8s le plus jeune \u00e2ge.<\/p>\n<p><b style=\"font-family: var(--font-main), sans-serif; color: var( --e-global-color-text ); background-color: var(--white);\">Cardio fighting<\/b><span style=\"font-family: var(--font-main), sans-serif; color: var( --e-global-color-text ); background-color: var(--white);\"><span style=\"font-weight: var( --e-global-typography-text-font-weight );\"> :<\/span><i><b>100 % f\u00e9minin<\/b><\/i><\/span><\/p>\n<p>\u00a0<\/p>\n<p><\/p>\n<p>&#8211; Le <b>cardio fighting<\/b> est un cours destin\u00e9 aux d\u00e9butants, ax\u00e9 sur les techniques du kick-boxing tout en int\u00e9grant les gestes et les\u00a0 m\u00e9thodes du CrossFit. Ce cours permet aux adh\u00e9rents d&#8217;apprendre \u00e0 se d\u00e9placer dans l&#8217;espace et \u00e0 g\u00e9rer leur corps de mani\u00e8re\u00a0 efficace et dynamique.\u00a0<span style=\"font-family: var(--font-main), sans-serif; color: var( --e-global-color-text ); font-weight: var( --e-global-typography-text-font-weight ); background-color: var(--white);\">Ce cours, particuli\u00e8rement appr\u00e9ci\u00e9 par la gent f\u00e9minine, offre un excellent moyen de se maintenir en forme tout en apprenant des techniques de combat.<\/span><\/p>\n<p>\u00a0<\/p>\n<p><\/p>\n<p><span style=\"font-weight: bold;\">Grappling\u00a0<\/span><span style=\"font-weight: bold; font-family: var(--font-main), sans-serif; color: var( --e-global-color-text ); background-color: var(--white);\">ju-jitsu br\u00e9silien (JJB) no gi<\/span><\/p>\n<p>Le <b>grappling<\/b>, <b>d\u00e9riv\u00e9 du ju-jitsu br\u00e9silien (JJB)<\/b>, \u00a0 se pratique sans kimono. C\u2019est un style de combat parfaitement adapt\u00e9 pour ceux qui pr\u00e9f\u00e8rent les sports de combat sans coups port\u00e9s, se concentrant davantage sur les techniques de soumission et de contr\u00f4le au sol.<\/p>\n<p><span style=\"font-weight: bold;\">MMA (Mixed Martial Arts)<\/span><\/p>\n<p><span style=\"font-family: var(--font-main), sans-serif; color: var( --e-global-color-text ); font-weight: var( --e-global-typography-text-font-weight ); background-color: var(--white);\">Depuis 2020, le club propose une nouvelle discipline, le <\/span><b style=\"font-family: var(--font-main), sans-serif; color: var( --e-global-color-text ); background-color: var(--white);\">MMA (Mixed Martial Arts)<\/b><span style=\"font-family: var(--font-main), sans-serif; color: var( --e-global-color-text ); font-weight: var( --e-global-typography-text-font-weight ); background-color: var(--white);\">, qui, comme son nom l\u2019indique, est un m\u00e9lange de \u00a0 diff\u00e9rents arts martiaux. Cette nouvelle section est d\u00e9di\u00e9e aux adolescents \u00e0 partir de 15 ans ainsi qu\u2019aux adultes. Selon vos\u00a0 pr\u00e9f\u00e9rences et vos objectifs, vous avez le choix entre trois formules :<\/span><\/p>\n<p>\u00a0<\/p>\n<p><\/p>\n<p>&#8211; MMA option K1, qui int\u00e8gre les techniques de kick-boxing K1.<\/p>\n<p>\u00a0<\/p>\n<p><\/p>\n<p>&#8211; MMA option JJB Grappling, qui se concentre\u00a0 sur les techniques de grappling et de ju-jitsu br\u00e9silien.<\/p>\n<p>\u00a0<\/p>\n<p><\/p>\n<p>&#8211; MMA All Access, qui offre un acc\u00e8s complet \u00e0 toutes les techniques et disciplines enseign\u00e9es au sein du club.<\/p>\n<p>\u00a0<\/p>\n<p><\/p>\n<p>\u00a0<\/p>\t\t\t\t\t\t\t\t<\/div>\n\t\t\t\t<\/div>\n\t\t\t\t\t<\/div>\n\t\t<\/div>\n\t\t\t\t\t<\/div>\n\t\t<\/section>\n\t\t\t\t<section class=\"elementor-section elementor-top-section elementor-element elementor-element-82b34bf elementor-section-boxed elementor-section-height-default elementor-section-height-default\" data-id=\"82b34bf\" data-element_type=\"section\" data-e-type=\"section\">\n\t\t\t\t\t\t<div class=\"elementor-container elementor-column-gap-default\">\n\t\t\t\t\t<div class=\"elementor-column elementor-col-100 elementor-top-column elementor-element elementor-element-fd9c7a9\" data-id=\"fd9c7a9\" data-element_type=\"column\" data-e-type=\"column\">\n\t\t\t<div class=\"elementor-widget-wrap\">\n\t\t\t\t\t\t\t<\/div>\n\t\t<\/div>\n\t\t\t\t\t<\/div>\n\t\t<\/section>\n\t\t\t\t<\/div>\n\t\t","protected":false},"excerpt":{"rendered":"<p>\u00a0 Boc\u2019s Fighting propose \u00e0 ses adh\u00e9rents quatre disciplines principales : le kick-boxing version\u00a0\u00a0 K1, le grappling, le MMA et le cardio fighting. Le kick-boxing K1 est un sport de combat qui\u00a0\u00a0\u00a0 combine une multitude de techniques pieds-poings, offrant une grande vari\u00e9t\u00e9 de combinaisons techniques. Cette discipline se\u00a0\u00a0 divise en plusieurs sections distinctes pour r\u00e9pondre aux besoins de diff\u00e9rents groupes d&#8217;\u00e2ge et niveaux de comp\u00e9tence : \u00a0 &#8211; La section Ados adultes K1 Kickboxing\u00a0est un cours ax\u00e9 sur \u00a0 la technique et l&#8217;endurance physique. Cette section accueille les adolescents \u00e0 partir de 15 ans ainsi que les adultes, leur permettant de d\u00e9velopper leurs comp\u00e9tences en kick-boxing\u00a0 dans un environnement structur\u00e9 et stimulant. \u00a0 &#8211; La section enfant\u00a0K1 Kickboxing\u00a0propose des cours plus ludiques, con\u00e7us pour permettre aux enfants\u00a0 \u00a0d&#8217;apprendre le kick-boxing tout en s&#8217;amusant. Ces sessions sont adapt\u00e9es pour capter l&#8217;attention des plus jeunes et les initier aux bases de ce [&hellip;]<\/p>\n","protected":false},"author":1,"featured_media":0,"parent":0,"menu_order":0,"comment_status":"closed","ping_status":"closed","template":"","meta":{"_monsterinsights_skip_tracking":false,"_monsterinsights_sitenote_active":false,"_monsterinsights_sitenote_note":"","_monsterinsights_sitenote_category":0,"_price":"","_stock":"","_tribe_ticket_header":"","_tribe_default_ticket_provider":"","_tribe_ticket_capacity":"0","_ticket_start_date":"","_ticket_end_date":"","_tribe_ticket_show_description":"","_tribe_ticket_show_not_going":false,"_tribe_ticket_use_global_stock":"","_tribe_ticket_global_stock_level":"","_global_stock_mode":"","_global_stock_cap":"","_tribe_rsvp_for_event":"","_tribe_ticket_going_count":"","_tribe_ticket_not_going_count":"","_tribe_tickets_list":"[]","_tribe_ticket_has_attendee_info_fields":false,"footnotes":"","_tec_slr_enabled":"","_tec_slr_layout":""},"class_list":["post-80","page","type-page","status-publish","hentry"],"yoast_head":"<!-- This site is optimized with the Yoast SEO plugin v27.4 - https:\/\/yoast.com\/product\/yoast-seo-wordpress\/ -->\n<title>Nos cours - BOC&#039;S FIGHTING<\/title>\n<meta name=\"robots\" content=\"index, follow, max-snippet:-1, max-image-preview:large, max-video-preview:-1\" \/>\n<link rel=\"canonical\" href=\"https:\/\/bocsfighting.com\/index.php\/fighters\/\" \/>\n<meta property=\"og:locale\" content=\"fr_FR\" \/>\n<meta property=\"og:type\" content=\"article\" \/>\n<meta property=\"og:title\" content=\"Nos cours - BOC&#039;S FIGHTING\" \/>\n<meta property=\"og:description\" content=\"\u00a0 Boc\u2019s Fighting propose \u00e0 ses adh\u00e9rents quatre disciplines principales : le kick-boxing version\u00a0\u00a0 K1, le grappling, le MMA et le cardio fighting. Le kick-boxing K1 est un sport de combat qui\u00a0\u00a0\u00a0 combine une multitude de techniques pieds-poings, offrant une grande vari\u00e9t\u00e9 de combinaisons techniques. Cette discipline se\u00a0\u00a0 divise en plusieurs sections distinctes pour r\u00e9pondre aux besoins de diff\u00e9rents groupes d&#8217;\u00e2ge et niveaux de comp\u00e9tence : \u00a0 &#8211; La section Ados adultes K1 Kickboxing\u00a0est un cours ax\u00e9 sur \u00a0 la technique et l&#8217;endurance physique. Cette section accueille les adolescents \u00e0 partir de 15 ans ainsi que les adultes, leur permettant de d\u00e9velopper leurs comp\u00e9tences en kick-boxing\u00a0 dans un environnement structur\u00e9 et stimulant. \u00a0 &#8211; La section enfant\u00a0K1 Kickboxing\u00a0propose des cours plus ludiques, con\u00e7us pour permettre aux enfants\u00a0 \u00a0d&#8217;apprendre le kick-boxing tout en s&#8217;amusant. Ces sessions sont adapt\u00e9es pour capter l&#8217;attention des plus jeunes et les initier aux bases de ce [&hellip;]\" \/>\n<meta property=\"og:url\" content=\"https:\/\/bocsfighting.com\/index.php\/fighters\/\" \/>\n<meta property=\"og:site_name\" content=\"BOC&#039;S FIGHTING\" \/>\n<meta property=\"article:publisher\" content=\"https:\/\/www.facebook.com\/p\/Boc-Fighting-Officiel-100064332836164\/?locale=fr_FR\" \/>\n<meta property=\"article:modified_time\" content=\"2024-09-01T18:31:15+00:00\" \/>\n<meta property=\"og:image\" content=\"https:\/\/bocsfighting.com\/wp-content\/uploads\/2023\/08\/logo-bfg.png\" \/>\n\t<meta property=\"og:image:width\" content=\"637\" \/>\n\t<meta property=\"og:image:height\" content=\"417\" \/>\n\t<meta property=\"og:image:type\" content=\"image\/png\" \/>\n<meta name=\"twitter:card\" content=\"summary_large_image\" \/>\n<meta name=\"twitter:label1\" content=\"Dur\u00e9e de lecture estim\u00e9e\" \/>\n\t<meta name=\"twitter:data1\" content=\"3 minutes\" \/>\n<script type=\"application\/ld+json\" class=\"yoast-schema-graph\">{\"@context\":\"https:\\\/\\\/schema.org\",\"@graph\":[{\"@type\":\"WebPage\",\"@id\":\"https:\\\/\\\/bocsfighting.com\\\/index.php\\\/fighters\\\/\",\"url\":\"https:\\\/\\\/bocsfighting.com\\\/index.php\\\/fighters\\\/\",\"name\":\"Nos cours - BOC&#039;S FIGHTING\",\"isPartOf\":{\"@id\":\"https:\\\/\\\/bocsfighting.com\\\/#website\"},\"datePublished\":\"2023-08-29T14:49:42+00:00\",\"dateModified\":\"2024-09-01T18:31:15+00:00\",\"breadcrumb\":{\"@id\":\"https:\\\/\\\/bocsfighting.com\\\/index.php\\\/fighters\\\/#breadcrumb\"},\"inLanguage\":\"fr-FR\",\"potentialAction\":[{\"@type\":\"ReadAction\",\"target\":[\"https:\\\/\\\/bocsfighting.com\\\/index.php\\\/fighters\\\/\"]}]},{\"@type\":\"BreadcrumbList\",\"@id\":\"https:\\\/\\\/bocsfighting.com\\\/index.php\\\/fighters\\\/#breadcrumb\",\"itemListElement\":[{\"@type\":\"ListItem\",\"position\":1,\"name\":\"Accueil\",\"item\":\"https:\\\/\\\/bocsfighting.com\\\/\"},{\"@type\":\"ListItem\",\"position\":2,\"name\":\"Nos cours\"}]},{\"@type\":\"WebSite\",\"@id\":\"https:\\\/\\\/bocsfighting.com\\\/#website\",\"url\":\"https:\\\/\\\/bocsfighting.com\\\/\",\"name\":\"BOC'S FIGHTING\",\"description\":\"Club de MMA \\\/ K1 KICKBOXING \\\/ JUJITSU BRESILIEN\",\"potentialAction\":[{\"@type\":\"SearchAction\",\"target\":{\"@type\":\"EntryPoint\",\"urlTemplate\":\"https:\\\/\\\/bocsfighting.com\\\/?s={search_term_string}\"},\"query-input\":{\"@type\":\"PropertyValueSpecification\",\"valueRequired\":true,\"valueName\":\"search_term_string\"}}],\"inLanguage\":\"fr-FR\"}]}<\/script>\n<!-- \/ Yoast SEO plugin. -->","yoast_head_json":{"title":"Nos cours - BOC&#039;S FIGHTING","robots":{"index":"index","follow":"follow","max-snippet":"max-snippet:-1","max-image-preview":"max-image-preview:large","max-video-preview":"max-video-preview:-1"},"canonical":"https:\/\/bocsfighting.com\/index.php\/fighters\/","og_locale":"fr_FR","og_type":"article","og_title":"Nos cours - BOC&#039;S FIGHTING","og_description":"\u00a0 Boc\u2019s Fighting propose \u00e0 ses adh\u00e9rents quatre disciplines principales : le kick-boxing version\u00a0\u00a0 K1, le grappling, le MMA et le cardio fighting. Le kick-boxing K1 est un sport de combat qui\u00a0\u00a0\u00a0 combine une multitude de techniques pieds-poings, offrant une grande vari\u00e9t\u00e9 de combinaisons techniques. Cette discipline se\u00a0\u00a0 divise en plusieurs sections distinctes pour r\u00e9pondre aux besoins de diff\u00e9rents groupes d&#8217;\u00e2ge et niveaux de comp\u00e9tence : \u00a0 &#8211; La section Ados adultes K1 Kickboxing\u00a0est un cours ax\u00e9 sur \u00a0 la technique et l&#8217;endurance physique. Cette section accueille les adolescents \u00e0 partir de 15 ans ainsi que les adultes, leur permettant de d\u00e9velopper leurs comp\u00e9tences en kick-boxing\u00a0 dans un environnement structur\u00e9 et stimulant. \u00a0 &#8211; La section enfant\u00a0K1 Kickboxing\u00a0propose des cours plus ludiques, con\u00e7us pour permettre aux enfants\u00a0 \u00a0d&#8217;apprendre le kick-boxing tout en s&#8217;amusant. Ces sessions sont adapt\u00e9es pour capter l&#8217;attention des plus jeunes et les initier aux bases de ce [&hellip;]","og_url":"https:\/\/bocsfighting.com\/index.php\/fighters\/","og_site_name":"BOC&#039;S FIGHTING","article_publisher":"https:\/\/www.facebook.com\/p\/Boc-Fighting-Officiel-100064332836164\/?locale=fr_FR","article_modified_time":"2024-09-01T18:31:15+00:00","og_image":[{"width":637,"height":417,"url":"https:\/\/bocsfighting.com\/wp-content\/uploads\/2023\/08\/logo-bfg.png","type":"image\/png"}],"twitter_card":"summary_large_image","twitter_misc":{"Dur\u00e9e de lecture estim\u00e9e":"3 minutes"},"schema":{"@context":"https:\/\/schema.org","@graph":[{"@type":"WebPage","@id":"https:\/\/bocsfighting.com\/index.php\/fighters\/","url":"https:\/\/bocsfighting.com\/index.php\/fighters\/","name":"Nos cours - BOC&#039;S FIGHTING","isPartOf":{"@id":"https:\/\/bocsfighting.com\/#website"},"datePublished":"2023-08-29T14:49:42+00:00","dateModified":"2024-09-01T18:31:15+00:00","breadcrumb":{"@id":"https:\/\/bocsfighting.com\/index.php\/fighters\/#breadcrumb"},"inLanguage":"fr-FR","potentialAction":[{"@type":"ReadAction","target":["https:\/\/bocsfighting.com\/index.php\/fighters\/"]}]},{"@type":"BreadcrumbList","@id":"https:\/\/bocsfighting.com\/index.php\/fighters\/#breadcrumb","itemListElement":[{"@type":"ListItem","position":1,"name":"Accueil","item":"https:\/\/bocsfighting.com\/"},{"@type":"ListItem","position":2,"name":"Nos cours"}]},{"@type":"WebSite","@id":"https:\/\/bocsfighting.com\/#website","url":"https:\/\/bocsfighting.com\/","name":"BOC'S FIGHTING","description":"Club de MMA \/ K1 KICKBOXING \/ JUJITSU BRESILIEN","potentialAction":[{"@type":"SearchAction","target":{"@type":"EntryPoint","urlTemplate":"https:\/\/bocsfighting.com\/?s={search_term_string}"},"query-input":{"@type":"PropertyValueSpecification","valueRequired":true,"valueName":"search_term_string"}}],"inLanguage":"fr-FR"}]}},"ticketed":false,"_links":{"self":[{"href":"https:\/\/bocsfighting.com\/index.php\/wp-json\/wp\/v2\/pages\/80","targetHints":{"allow":["GET"]}}],"collection":[{"href":"https:\/\/bocsfighting.com\/index.php\/wp-json\/wp\/v2\/pages"}],"about":[{"href":"https:\/\/bocsfighting.com\/index.php\/wp-json\/wp\/v2\/types\/page"}],"author":[{"embeddable":true,"href":"https:\/\/bocsfighting.com\/index.php\/wp-json\/wp\/v2\/users\/1"}],"replies":[{"embeddable":true,"href":"https:\/\/bocsfighting.com\/index.php\/wp-json\/wp\/v2\/comments?post=80"}],"version-history":[{"count":18,"href":"https:\/\/bocsfighting.com\/index.php\/wp-json\/wp\/v2\/pages\/80\/revisions"}],"predecessor-version":[{"id":468,"href":"https:\/\/bocsfighting.com\/index.php\/wp-json\/wp\/v2\/pages\/80\/revisions\/468"}],"wp:attachment":[{"href":"https:\/\/bocsfighting.com\/index.php\/wp-json\/wp\/v2\/media?parent=80"}],"curies":[{"name":"wp","href":"https:\/\/api.w.org\/{rel}","templated":true}]}}